{"id":310,"date":"2015-11-18T11:08:12","date_gmt":"2015-11-18T11:08:12","guid":{"rendered":"http:\/\/dev.novembit.com\/rs-card\/?page_id=5"},"modified":"2026-04-30T17:06:24","modified_gmt":"2026-04-30T14:06:24","slug":"homepage-startuper","status":"publish","type":"page","link":"https:\/\/ahmetsahinakbulut.com\/","title":{"rendered":"Homepage Startuper"},"content":{"rendered":"\n<figure class=\"wp-block-embed is-type-rich is-provider-spotify wp-block-embed-spotify wp-embed-aspect-21-9 wp-has-aspect-ratio\"><div class=\"wp-block-embed__wrapper\">\n<iframe title=\"Spotify Embed: 95. Liderlik Sanat\u0131nda Sezginin Kullan\u0131m\u0131\" style=\"border-radius: 12px\" width=\"100%\" height=\"152\" frameborder=\"0\" allowfullscreen allow=\"autoplay; clipboard-write; encrypted-media; fullscreen; picture-in-picture\" loading=\"lazy\" src=\"https:\/\/open.spotify.com\/embed\/show\/2Z32TnpG9czkxAEHKNXjtk?si=cc99752ebed9455f&amp;utm_source=oembed\"><\/iframe>\n<\/div><\/figure>\n","protected":false},"excerpt":{"rendered":"","protected":false},"author":1,"featured_media":0,"parent":0,"menu_order":0,"comment_status":"closed","ping_status":"closed","template":"page-home.php","meta":{"footnotes":""},"class_list":["post-310","page","type-page","status-publish","hentry","post-box"],"_links":{"self":[{"href":"https:\/\/ahmetsahinakbulut.com\/index.php\/wp-json\/wp\/v2\/pages\/310","targetHints":{"allow":["GET"]}}],"collection":[{"href":"https:\/\/ahmetsahinakbulut.com\/index.php\/wp-json\/wp\/v2\/pages"}],"about":[{"href":"https:\/\/ahmetsahinakbulut.com\/index.php\/wp-json\/wp\/v2\/types\/page"}],"author":[{"embeddable":true,"href":"https:\/\/ahmetsahinakbulut.com\/index.php\/wp-json\/wp\/v2\/users\/1"}],"replies":[{"embeddable":true,"href":"https:\/\/ahmetsahinakbulut.com\/index.php\/wp-json\/wp\/v2\/comments?post=310"}],"version-history":[{"count":5,"href":"https:\/\/ahmetsahinakbulut.com\/index.php\/wp-json\/wp\/v2\/pages\/310\/revisions"}],"predecessor-version":[{"id":650,"href":"https:\/\/ahmetsahinakbulut.com\/index.php\/wp-json\/wp\/v2\/pages\/310\/revisions\/650"}],"wp:attachment":[{"href":"https:\/\/ahmetsahinakbulut.com\/index.php\/wp-json\/wp\/v2\/media?parent=310"}],"curies":[{"name":"wp","href":"https:\/\/api.w.org\/{rel}","templated":true}]}}